{"id":576,"date":"2019-08-19T12:34:44","date_gmt":"2019-08-19T12:34:44","guid":{"rendered":"http:\/\/tecadejava.ergatesweb3.net\/?page_id=576"},"modified":"2019-08-19T12:34:44","modified_gmt":"2019-08-19T12:34:44","slug":"teca","status":"publish","type":"page","link":"http:\/\/tecadejava.com\/es\/teca\/","title":{"rendered":"Teca"},"content":{"rendered":"\n<style type=\"text\/css\" data-created_by=\"avia_inline_auto\" id=\"style-css-av-fji2c-c5fc441a01b2dc4d6858fd64a7ef879c\">\n.flex_column.av-fji2c-c5fc441a01b2dc4d6858fd64a7ef879c{\nborder-radius:0px 0px 0px 0px;\npadding:0px 0px 0px 0px;\n}\n<\/style>\n<div  class='flex_column av-fji2c-c5fc441a01b2dc4d6858fd64a7ef879c av_three_fifth  avia-builder-el-0  el_before_av_two_fifth  avia-builder-el-first  first flex_column_div av-zero-column-padding  '     ><section  class='av_textblock_section av-jurfytbj-d8c6aa4f5ff39eabcf2e5692043f8481 '   itemscope=\"itemscope\" itemtype=\"https:\/\/schema.org\/CreativeWork\" ><div class='avia_textblock'  itemprop=\"text\" ><h2>Tectona grandis<\/h2>\n<p>Nuestros productos est\u00e1n realizados en aut\u00e9ntica madera de teca de primera calidad, procedente de plantaciones, en el caso de los muebles de jard\u00edn, y de recuperaci\u00f3n en la mayor\u00eda de los muebles de interior. En consecuencia, nos comprometemos y somos solidarios con todo lo que represente conservaci\u00f3n de la naturaleza y la explotaci\u00f3n sostenible de sus recursos naturales.<\/p>\n<p>La isla de Java (Indonesia) posee unas de las mayores plantaciones de teca del mundo, y en ellas se llevan a cabo programas de reforestaci\u00f3n para preservar este recurso natural.<\/p>\n<p>La calidad de la teca es extraordinaria tanto por su solidez y dureza como por su durabilidad, cualidades que la hacen ser una de las maderas mas apreciadas. La teca es imputrescible, y por tanto altamente resistente a la intemperie gracias a su propio aceite natural que le sirve de protecci\u00f3n (tanto del clima como de termitas y carcoma)<\/p>\n<p>La teca es de color dorado en su aspecto natural pero el acabado final depender\u00e1 del uso que vayamos a dar al mueble , acabado al aceite o natural si es para exterior y acabado a la cera o barniz tintado si es para interiores.<\/p>\n<p>Los muebles de madera maciza , en general, sometidos a cambios de temperatura bruscos pueden sufrir peque\u00f1as grietas o movimientos que no afectan a la calidad o durabilidad del mueble ya que se considera un hecho natural en el proceso de adaptaci\u00f3n de la madera al nuevo clima y temperatura, (por lo general mucho m\u00e1s seco que en su lugar de origen).<\/p>\n<h2>Otros materiales<\/h2>\n<p>Tambi\u00e9n disponemos de muebles realizados en fibras naturales como el ratt\u00e1n , algas marinas , jacintos de agua o banana, confeccionados de forma totalmente artesanal y por su robustez y belleza pueden utilizarse tanto en ambientes de interior como de exterior (protegidos del agua). Son fibras muy resistentes al sol y a la humedad con las que se fabrican sof\u00e1s , butacas , sillas&#8230;<\/p>\n<\/div><\/section><\/div>\n<style type=\"text\/css\" data-created_by=\"avia_inline_auto\" id=\"style-css-av-8v6tw-ebf4fda43c138824030067e1bd454818\">\n.flex_column.av-8v6tw-ebf4fda43c138824030067e1bd454818{\nborder-radius:0px 0px 0px 0px;\npadding:0px 0px 0px 0px;\n}\n<\/style>\n<div  class='flex_column av-8v6tw-ebf4fda43c138824030067e1bd454818 av_two_fifth  avia-builder-el-2  el_after_av_three_fifth  avia-builder-el-last  flex_column_div av-zero-column-padding  '     ><style type=\"text\/css\" data-created_by=\"avia_inline_auto\" id=\"style-css-av-jurg0oqd-df6e7931848ab7dd0fb4a81d6f208b1c\">\n#top .avia-gallery.av-jurg0oqd-df6e7931848ab7dd0fb4a81d6f208b1c .avia-gallery-thumb a{\nwidth:33.3333%;\n}\n<\/style>\n<div  class='avia-gallery av-jurg0oqd-df6e7931848ab7dd0fb4a81d6f208b1c avia_animate_when_visible  avia-builder-el-3  avia-builder-el-no-sibling  deactivate_avia_lazyload avia-gallery-animate avia-gallery-1'  itemprop=\"image\" itemscope=\"itemscope\" itemtype=\"https:\/\/schema.org\/ImageObject\" ><meta itemprop=\"contentURL\" content=\"http:\/\/tecadejava.com\/es\/teca\/\"><div class='avia-gallery-thumb'><a href=\"http:\/\/tecadejava.com\/wp-content\/uploads\/2019\/04\/historiaTeca1g.jpg\" data-srcset=\"http:\/\/tecadejava.com\/wp-content\/uploads\/2019\/04\/historiaTeca1g.jpg 375w, http:\/\/tecadejava.com\/wp-content\/uploads\/2019\/04\/historiaTeca1g-225x300.jpg 225w\" data-sizes=\"(max-width: 375px) 100vw, 375px\" data-rel='gallery-1' data-prev-img='http:\/\/tecadejava.com\/wp-content\/uploads\/2019\/04\/historiaTeca1g-375x400.jpg' class='first_thumb lightbox ' data-onclick='1' title='historiaTeca1g'  itemprop=\"thumbnailUrl\"  ><img decoding=\"async\" fetchpriority=\"high\" class=\"wp-image-703 avia-img-lazy-loading-not-703\"   src=\"http:\/\/tecadejava.com\/wp-content\/uploads\/2019\/04\/historiaTeca1g-375x400.jpg\" width=\"375\" height=\"400\"  title='historiaTeca1g' alt='' \/><div class='big-prev-fake'><img decoding=\"async\" loading=\"lazy\" class=\"wp-image-703 avia-img-lazy-loading-703\"  width=\"375\" height=\"400\" src=\"http:\/\/tecadejava.com\/wp-content\/uploads\/2019\/04\/historiaTeca1g-375x400.jpg\" title='historiaTeca1g' alt='' \/><\/div><\/a><a href=\"http:\/\/tecadejava.com\/wp-content\/uploads\/2019\/04\/historiaTeca2g.jpg\" data-srcset=\"http:\/\/tecadejava.com\/wp-content\/uploads\/2019\/04\/historiaTeca2g.jpg 500w, http:\/\/tecadejava.com\/wp-content\/uploads\/2019\/04\/historiaTeca2g-300x225.jpg 300w, http:\/\/tecadejava.com\/wp-content\/uploads\/2019\/04\/historiaTeca2g-450x338.jpg 450w\" data-sizes=\"(max-width: 500px) 100vw, 500px\" data-rel='gallery-1' data-prev-img='http:\/\/tecadejava.com\/wp-content\/uploads\/2019\/04\/historiaTeca2g-495x375.jpg' class='lightbox ' data-onclick='2' title='historiaTeca2g'  itemprop=\"thumbnailUrl\"  ><img decoding=\"async\" fetchpriority=\"high\" class=\"wp-image-704 avia-img-lazy-loading-not-704\"   src=\"http:\/\/tecadejava.com\/wp-content\/uploads\/2019\/04\/historiaTeca2g-495x375.jpg\" width=\"495\" height=\"375\"  title='historiaTeca2g' alt='' \/><div class='big-prev-fake'><img decoding=\"async\" loading=\"lazy\" class=\"wp-image-704 avia-img-lazy-loading-704\"  width=\"495\" height=\"375\" src=\"http:\/\/tecadejava.com\/wp-content\/uploads\/2019\/04\/historiaTeca2g-495x375.jpg\" title='historiaTeca2g' alt='' \/><\/div><\/a><a href=\"http:\/\/tecadejava.com\/wp-content\/uploads\/2019\/04\/historiaTeca3g.jpg\" data-srcset=\"http:\/\/tecadejava.com\/wp-content\/uploads\/2019\/04\/historiaTeca3g.jpg 500w, http:\/\/tecadejava.com\/wp-content\/uploads\/2019\/04\/historiaTeca3g-300x225.jpg 300w, http:\/\/tecadejava.com\/wp-content\/uploads\/2019\/04\/historiaTeca3g-450x338.jpg 450w\" data-sizes=\"(max-width: 500px) 100vw, 500px\" data-rel='gallery-1' data-prev-img='http:\/\/tecadejava.com\/wp-content\/uploads\/2019\/04\/historiaTeca3g-495x375.jpg' class='lightbox ' data-onclick='3' title='historiaTeca3g'  itemprop=\"thumbnailUrl\"  ><img decoding=\"async\" fetchpriority=\"high\" class=\"wp-image-705 avia-img-lazy-loading-not-705\"   src=\"http:\/\/tecadejava.com\/wp-content\/uploads\/2019\/04\/historiaTeca3g-495x375.jpg\" width=\"495\" height=\"375\"  title='historiaTeca3g' alt='' \/><div class='big-prev-fake'><img decoding=\"async\" loading=\"lazy\" class=\"wp-image-705 avia-img-lazy-loading-705\"  width=\"495\" height=\"375\" src=\"http:\/\/tecadejava.com\/wp-content\/uploads\/2019\/04\/historiaTeca3g-495x375.jpg\" title='historiaTeca3g' alt='' \/><\/div><\/a><a href=\"http:\/\/tecadejava.com\/wp-content\/uploads\/2019\/04\/historiaTeca4g.jpg\" data-srcset=\"http:\/\/tecadejava.com\/wp-content\/uploads\/2019\/04\/historiaTeca4g.jpg 500w, http:\/\/tecadejava.com\/wp-content\/uploads\/2019\/04\/historiaTeca4g-300x225.jpg 300w, http:\/\/tecadejava.com\/wp-content\/uploads\/2019\/04\/historiaTeca4g-450x338.jpg 450w\" data-sizes=\"(max-width: 500px) 100vw, 500px\" data-rel='gallery-1' data-prev-img='http:\/\/tecadejava.com\/wp-content\/uploads\/2019\/04\/historiaTeca4g-495x375.jpg' class='first_thumb lightbox ' data-onclick='4' title='historiaTeca4g'  itemprop=\"thumbnailUrl\"  ><img decoding=\"async\" fetchpriority=\"high\" class=\"wp-image-706 avia-img-lazy-loading-not-706\"   src=\"http:\/\/tecadejava.com\/wp-content\/uploads\/2019\/04\/historiaTeca4g-495x375.jpg\" width=\"495\" height=\"375\"  title='historiaTeca4g' alt='' \/><div class='big-prev-fake'><img decoding=\"async\" loading=\"lazy\" class=\"wp-image-706 avia-img-lazy-loading-706\"  width=\"495\" height=\"375\" src=\"http:\/\/tecadejava.com\/wp-content\/uploads\/2019\/04\/historiaTeca4g-495x375.jpg\" title='historiaTeca4g' alt='' \/><\/div><\/a><a href=\"http:\/\/tecadejava.com\/wp-content\/uploads\/2019\/04\/historiaTeca5g.jpg\" data-srcset=\"http:\/\/tecadejava.com\/wp-content\/uploads\/2019\/04\/historiaTeca5g.jpg 500w, http:\/\/tecadejava.com\/wp-content\/uploads\/2019\/04\/historiaTeca5g-300x225.jpg 300w, http:\/\/tecadejava.com\/wp-content\/uploads\/2019\/04\/historiaTeca5g-450x338.jpg 450w\" data-sizes=\"(max-width: 500px) 100vw, 500px\" data-rel='gallery-1' data-prev-img='http:\/\/tecadejava.com\/wp-content\/uploads\/2019\/04\/historiaTeca5g-495x375.jpg' class='lightbox ' data-onclick='5' title='historiaTeca5g'  itemprop=\"thumbnailUrl\"  ><img decoding=\"async\" fetchpriority=\"high\" class=\"wp-image-707 avia-img-lazy-loading-not-707\"   src=\"http:\/\/tecadejava.com\/wp-content\/uploads\/2019\/04\/historiaTeca5g-495x375.jpg\" width=\"495\" height=\"375\"  title='historiaTeca5g' alt='' \/><div class='big-prev-fake'><img decoding=\"async\" loading=\"lazy\" class=\"wp-image-707 avia-img-lazy-loading-707\"  width=\"495\" height=\"375\" src=\"http:\/\/tecadejava.com\/wp-content\/uploads\/2019\/04\/historiaTeca5g-495x375.jpg\" title='historiaTeca5g' alt='' \/><\/div><\/a><a href=\"http:\/\/tecadejava.com\/wp-content\/uploads\/2019\/04\/historiaTeca6g.jpg\" data-srcset=\"http:\/\/tecadejava.com\/wp-content\/uploads\/2019\/04\/historiaTeca6g.jpg 500w, http:\/\/tecadejava.com\/wp-content\/uploads\/2019\/04\/historiaTeca6g-300x225.jpg 300w, http:\/\/tecadejava.com\/wp-content\/uploads\/2019\/04\/historiaTeca6g-450x338.jpg 450w\" data-sizes=\"(max-width: 500px) 100vw, 500px\" data-rel='gallery-1' data-prev-img='http:\/\/tecadejava.com\/wp-content\/uploads\/2019\/04\/historiaTeca6g-495x375.jpg' class='lightbox ' data-onclick='6' title='historiaTeca6g'  itemprop=\"thumbnailUrl\"  ><img decoding=\"async\" fetchpriority=\"high\" class=\"wp-image-708 avia-img-lazy-loading-not-708\"   src=\"http:\/\/tecadejava.com\/wp-content\/uploads\/2019\/04\/historiaTeca6g-495x375.jpg\" width=\"495\" height=\"375\"  title='historiaTeca6g' alt='' \/><div class='big-prev-fake'><img decoding=\"async\" loading=\"lazy\" class=\"wp-image-708 avia-img-lazy-loading-708\"  width=\"495\" height=\"375\" src=\"http:\/\/tecadejava.com\/wp-content\/uploads\/2019\/04\/historiaTeca6g-495x375.jpg\" title='historiaTeca6g' alt='' \/><\/div><\/a><a href=\"http:\/\/tecadejava.com\/wp-content\/uploads\/2019\/04\/historiaTeca7g.jpg\" data-srcset=\"http:\/\/tecadejava.com\/wp-content\/uploads\/2019\/04\/historiaTeca7g.jpg 500w, http:\/\/tecadejava.com\/wp-content\/uploads\/2019\/04\/historiaTeca7g-300x225.jpg 300w, http:\/\/tecadejava.com\/wp-content\/uploads\/2019\/04\/historiaTeca7g-450x338.jpg 450w\" data-sizes=\"(max-width: 500px) 100vw, 500px\" data-rel='gallery-1' data-prev-img='http:\/\/tecadejava.com\/wp-content\/uploads\/2019\/04\/historiaTeca7g-495x375.jpg' class='first_thumb lightbox ' data-onclick='7' title='historiaTeca7g'  itemprop=\"thumbnailUrl\"  ><img decoding=\"async\" fetchpriority=\"high\" class=\"wp-image-709 avia-img-lazy-loading-not-709\"   src=\"http:\/\/tecadejava.com\/wp-content\/uploads\/2019\/04\/historiaTeca7g-495x375.jpg\" width=\"495\" height=\"375\"  title='historiaTeca7g' alt='' \/><div class='big-prev-fake'><img decoding=\"async\" loading=\"lazy\" class=\"wp-image-709 avia-img-lazy-loading-709\"  width=\"495\" height=\"375\" src=\"http:\/\/tecadejava.com\/wp-content\/uploads\/2019\/04\/historiaTeca7g-495x375.jpg\" title='historiaTeca7g' alt='' \/><\/div><\/a><a href=\"http:\/\/tecadejava.com\/wp-content\/uploads\/2019\/04\/historiaTeca8g.jpg\" data-srcset=\"http:\/\/tecadejava.com\/wp-content\/uploads\/2019\/04\/historiaTeca8g.jpg 500w, http:\/\/tecadejava.com\/wp-content\/uploads\/2019\/04\/historiaTeca8g-300x225.jpg 300w, http:\/\/tecadejava.com\/wp-content\/uploads\/2019\/04\/historiaTeca8g-450x338.jpg 450w\" data-sizes=\"(max-width: 500px) 100vw, 500px\" data-rel='gallery-1' data-prev-img='http:\/\/tecadejava.com\/wp-content\/uploads\/2019\/04\/historiaTeca8g-495x375.jpg' class='lightbox ' data-onclick='8' title='historiaTeca8g'  itemprop=\"thumbnailUrl\"  ><img decoding=\"async\" fetchpriority=\"high\" class=\"wp-image-710 avia-img-lazy-loading-not-710\"   src=\"http:\/\/tecadejava.com\/wp-content\/uploads\/2019\/04\/historiaTeca8g-495x375.jpg\" width=\"495\" height=\"375\"  title='historiaTeca8g' alt='' \/><div class='big-prev-fake'><img decoding=\"async\" loading=\"lazy\" class=\"wp-image-710 avia-img-lazy-loading-710\"  width=\"495\" height=\"375\" src=\"http:\/\/tecadejava.com\/wp-content\/uploads\/2019\/04\/historiaTeca8g-495x375.jpg\" title='historiaTeca8g' alt='' \/><\/div><\/a><a href=\"http:\/\/tecadejava.com\/wp-content\/uploads\/2019\/04\/historiaTeca9g.jpg\" data-srcset=\"http:\/\/tecadejava.com\/wp-content\/uploads\/2019\/04\/historiaTeca9g.jpg 500w, http:\/\/tecadejava.com\/wp-content\/uploads\/2019\/04\/historiaTeca9g-300x225.jpg 300w, http:\/\/tecadejava.com\/wp-content\/uploads\/2019\/04\/historiaTeca9g-450x338.jpg 450w\" data-sizes=\"(max-width: 500px) 100vw, 500px\" data-rel='gallery-1' data-prev-img='http:\/\/tecadejava.com\/wp-content\/uploads\/2019\/04\/historiaTeca9g-495x375.jpg' class='lightbox ' data-onclick='9' title='historiaTeca9g'  itemprop=\"thumbnailUrl\"  ><img decoding=\"async\" fetchpriority=\"high\" class=\"wp-image-711 avia-img-lazy-loading-not-711\"   src=\"http:\/\/tecadejava.com\/wp-content\/uploads\/2019\/04\/historiaTeca9g-495x375.jpg\" width=\"495\" height=\"375\"  title='historiaTeca9g' alt='' \/><div class='big-prev-fake'><img decoding=\"async\" loading=\"lazy\" class=\"wp-image-711 avia-img-lazy-loading-711\"  width=\"495\" height=\"375\" src=\"http:\/\/tecadejava.com\/wp-content\/uploads\/2019\/04\/historiaTeca9g-495x375.jpg\" title='historiaTeca9g' alt='' \/><\/div><\/a><a href=\"http:\/\/tecadejava.com\/wp-content\/uploads\/2019\/04\/historiaTeca10g.jpg\" data-srcset=\"http:\/\/tecadejava.com\/wp-content\/uploads\/2019\/04\/historiaTeca10g.jpg 500w, http:\/\/tecadejava.com\/wp-content\/uploads\/2019\/04\/historiaTeca10g-300x225.jpg 300w, http:\/\/tecadejava.com\/wp-content\/uploads\/2019\/04\/historiaTeca10g-450x338.jpg 450w\" data-sizes=\"(max-width: 500px) 100vw, 500px\" data-rel='gallery-1' data-prev-img='http:\/\/tecadejava.com\/wp-content\/uploads\/2019\/04\/historiaTeca10g-495x375.jpg' class='first_thumb lightbox ' data-onclick='10' title='historiaTeca10g'  itemprop=\"thumbnailUrl\"  ><img decoding=\"async\" fetchpriority=\"high\" class=\"wp-image-712 avia-img-lazy-loading-not-712\"   src=\"http:\/\/tecadejava.com\/wp-content\/uploads\/2019\/04\/historiaTeca10g-495x375.jpg\" width=\"495\" height=\"375\"  title='historiaTeca10g' alt='' \/><div class='big-prev-fake'><img decoding=\"async\" loading=\"lazy\" class=\"wp-image-712 avia-img-lazy-loading-712\"  width=\"495\" height=\"375\" src=\"http:\/\/tecadejava.com\/wp-content\/uploads\/2019\/04\/historiaTeca10g-495x375.jpg\" title='historiaTeca10g' alt='' \/><\/div><\/a><a href=\"http:\/\/tecadejava.com\/wp-content\/uploads\/2019\/04\/historiaTeca11g.jpg\" data-srcset=\"http:\/\/tecadejava.com\/wp-content\/uploads\/2019\/04\/historiaTeca11g.jpg 500w, http:\/\/tecadejava.com\/wp-content\/uploads\/2019\/04\/historiaTeca11g-300x225.jpg 300w, http:\/\/tecadejava.com\/wp-content\/uploads\/2019\/04\/historiaTeca11g-450x338.jpg 450w\" data-sizes=\"(max-width: 500px) 100vw, 500px\" data-rel='gallery-1' data-prev-img='http:\/\/tecadejava.com\/wp-content\/uploads\/2019\/04\/historiaTeca11g-495x375.jpg' class='lightbox ' data-onclick='11' title='historiaTeca11g'  itemprop=\"thumbnailUrl\"  ><img decoding=\"async\" fetchpriority=\"high\" class=\"wp-image-713 avia-img-lazy-loading-not-713\"   src=\"http:\/\/tecadejava.com\/wp-content\/uploads\/2019\/04\/historiaTeca11g-495x375.jpg\" width=\"495\" height=\"375\"  title='historiaTeca11g' alt='' \/><div class='big-prev-fake'><img decoding=\"async\" loading=\"lazy\" class=\"wp-image-713 avia-img-lazy-loading-713\"  width=\"495\" height=\"375\" src=\"http:\/\/tecadejava.com\/wp-content\/uploads\/2019\/04\/historiaTeca11g-495x375.jpg\" title='historiaTeca11g' alt='' \/><\/div><\/a><a href=\"http:\/\/tecadejava.com\/wp-content\/uploads\/2019\/04\/historiaTeca12g.jpg\" data-srcset=\"http:\/\/tecadejava.com\/wp-content\/uploads\/2019\/04\/historiaTeca12g.jpg 500w, http:\/\/tecadejava.com\/wp-content\/uploads\/2019\/04\/historiaTeca12g-300x225.jpg 300w, http:\/\/tecadejava.com\/wp-content\/uploads\/2019\/04\/historiaTeca12g-450x338.jpg 450w\" data-sizes=\"(max-width: 500px) 100vw, 500px\" data-rel='gallery-1' data-prev-img='http:\/\/tecadejava.com\/wp-content\/uploads\/2019\/04\/historiaTeca12g-495x375.jpg' class='lightbox ' data-onclick='12' title='historiaTeca12g'  itemprop=\"thumbnailUrl\"  ><img decoding=\"async\" fetchpriority=\"high\" class=\"wp-image-714 avia-img-lazy-loading-not-714\"   src=\"http:\/\/tecadejava.com\/wp-content\/uploads\/2019\/04\/historiaTeca12g-495x375.jpg\" width=\"495\" height=\"375\"  title='historiaTeca12g' alt='' \/><div class='big-prev-fake'><img decoding=\"async\" loading=\"lazy\" class=\"wp-image-714 avia-img-lazy-loading-714\"  width=\"495\" height=\"375\" src=\"http:\/\/tecadejava.com\/wp-content\/uploads\/2019\/04\/historiaTeca12g-495x375.jpg\" title='historiaTeca12g' alt='' \/><\/div><\/a><a href=\"http:\/\/tecadejava.com\/wp-content\/uploads\/2019\/04\/historiaTeca13g.jpg\" data-srcset=\"http:\/\/tecadejava.com\/wp-content\/uploads\/2019\/04\/historiaTeca13g.jpg 500w, http:\/\/tecadejava.com\/wp-content\/uploads\/2019\/04\/historiaTeca13g-300x225.jpg 300w, http:\/\/tecadejava.com\/wp-content\/uploads\/2019\/04\/historiaTeca13g-450x338.jpg 450w\" data-sizes=\"(max-width: 500px) 100vw, 500px\" data-rel='gallery-1' data-prev-img='http:\/\/tecadejava.com\/wp-content\/uploads\/2019\/04\/historiaTeca13g-495x375.jpg' class='first_thumb lightbox ' data-onclick='13' title='historiaTeca13g'  itemprop=\"thumbnailUrl\"  ><img decoding=\"async\" fetchpriority=\"high\" class=\"wp-image-715 avia-img-lazy-loading-not-715\"   src=\"http:\/\/tecadejava.com\/wp-content\/uploads\/2019\/04\/historiaTeca13g-495x375.jpg\" width=\"495\" height=\"375\"  title='historiaTeca13g' alt='' \/><div class='big-prev-fake'><img decoding=\"async\" loading=\"lazy\" class=\"wp-image-715 avia-img-lazy-loading-715\"  width=\"495\" height=\"375\" src=\"http:\/\/tecadejava.com\/wp-content\/uploads\/2019\/04\/historiaTeca13g-495x375.jpg\" title='historiaTeca13g' alt='' \/><\/div><\/a><a href=\"http:\/\/tecadejava.com\/wp-content\/uploads\/2019\/04\/historiaTeca14g.jpg\" data-srcset=\"http:\/\/tecadejava.com\/wp-content\/uploads\/2019\/04\/historiaTeca14g.jpg 500w, http:\/\/tecadejava.com\/wp-content\/uploads\/2019\/04\/historiaTeca14g-300x226.jpg 300w, http:\/\/tecadejava.com\/wp-content\/uploads\/2019\/04\/historiaTeca14g-450x338.jpg 450w\" data-sizes=\"(max-width: 500px) 100vw, 500px\" data-rel='gallery-1' data-prev-img='http:\/\/tecadejava.com\/wp-content\/uploads\/2019\/04\/historiaTeca14g-495x376.jpg' class='lightbox ' data-onclick='14' title='historiaTeca14g'  itemprop=\"thumbnailUrl\"  ><img decoding=\"async\" fetchpriority=\"high\" class=\"wp-image-701 avia-img-lazy-loading-not-701\"   src=\"http:\/\/tecadejava.com\/wp-content\/uploads\/2019\/04\/historiaTeca14g-495x376.jpg\" width=\"495\" height=\"376\"  title='historiaTeca14g' alt='' \/><div class='big-prev-fake'><img decoding=\"async\" loading=\"lazy\" class=\"wp-image-701 avia-img-lazy-loading-701\"  width=\"495\" height=\"376\" src=\"http:\/\/tecadejava.com\/wp-content\/uploads\/2019\/04\/historiaTeca14g-495x376.jpg\" title='historiaTeca14g' alt='' \/><\/div><\/a><a href=\"http:\/\/tecadejava.com\/wp-content\/uploads\/2019\/04\/historiaTeca15g.jpg\" data-srcset=\"http:\/\/tecadejava.com\/wp-content\/uploads\/2019\/04\/historiaTeca15g.jpg 500w, http:\/\/tecadejava.com\/wp-content\/uploads\/2019\/04\/historiaTeca15g-300x225.jpg 300w, http:\/\/tecadejava.com\/wp-content\/uploads\/2019\/04\/historiaTeca15g-450x338.jpg 450w\" data-sizes=\"(max-width: 500px) 100vw, 500px\" data-rel='gallery-1' data-prev-img='http:\/\/tecadejava.com\/wp-content\/uploads\/2019\/04\/historiaTeca15g-495x375.jpg' class='lightbox ' data-onclick='15' title='historiaTeca15g'  itemprop=\"thumbnailUrl\"  ><img decoding=\"async\" fetchpriority=\"high\" class=\"wp-image-702 avia-img-lazy-loading-not-702\"   src=\"http:\/\/tecadejava.com\/wp-content\/uploads\/2019\/04\/historiaTeca15g-495x375.jpg\" width=\"495\" height=\"375\"  title='historiaTeca15g' alt='' \/><div class='big-prev-fake'><img decoding=\"async\" loading=\"lazy\" class=\"wp-image-702 avia-img-lazy-loading-702\"  width=\"495\" height=\"375\" src=\"http:\/\/tecadejava.com\/wp-content\/uploads\/2019\/04\/historiaTeca15g-495x375.jpg\" title='historiaTeca15g' alt='' \/><\/div><\/a><\/div><\/div><\/div><\/p>\n","protected":false},"excerpt":{"rendered":"","protected":false},"author":3,"featured_media":0,"parent":0,"menu_order":0,"comment_status":"closed","ping_status":"closed","template":"","meta":{"footnotes":""},"class_list":["post-576","page","type-page","status-publish","hentry"],"yoast_head":"<!-- This site is optimized with the Yoast SEO plugin v27.5 - https:\/\/yoast.com\/product\/yoast-seo-wordpress\/ -->\n<title>Teca - Teca de Java<\/title>\n<meta name=\"robots\" content=\"index, follow, max-snippet:-1, max-image-preview:large, max-video-preview:-1\" \/>\n<link rel=\"canonical\" href=\"http:\/\/tecadejava.com\/es\/teca\/\" \/>\n<meta property=\"og:locale\" content=\"es_ES\" \/>\n<meta property=\"og:type\" content=\"article\" \/>\n<meta property=\"og:title\" content=\"Teca - Teca de Java\" \/>\n<meta property=\"og:url\" content=\"http:\/\/tecadejava.com\/es\/teca\/\" \/>\n<meta property=\"og:site_name\" content=\"Teca de Java\" \/>\n<meta name=\"twitter:card\" content=\"summary_large_image\" \/>\n<meta name=\"twitter:label1\" content=\"Tiempo de lectura\" \/>\n\t<meta name=\"twitter:data1\" content=\"3 minutos\" \/>\n<script type=\"application\/ld+json\" class=\"yoast-schema-graph\">{\"@context\":\"https:\\\/\\\/schema.org\",\"@graph\":[{\"@type\":\"WebPage\",\"@id\":\"http:\\\/\\\/tecadejava.com\\\/es\\\/teca\\\/\",\"url\":\"http:\\\/\\\/tecadejava.com\\\/es\\\/teca\\\/\",\"name\":\"Teca - Teca de Java\",\"isPartOf\":{\"@id\":\"http:\\\/\\\/tecadejava.com\\\/#website\"},\"datePublished\":\"2019-08-19T12:34:44+00:00\",\"breadcrumb\":{\"@id\":\"http:\\\/\\\/tecadejava.com\\\/es\\\/teca\\\/#breadcrumb\"},\"inLanguage\":\"es\",\"potentialAction\":[{\"@type\":\"ReadAction\",\"target\":[\"http:\\\/\\\/tecadejava.com\\\/es\\\/teca\\\/\"]}]},{\"@type\":\"BreadcrumbList\",\"@id\":\"http:\\\/\\\/tecadejava.com\\\/es\\\/teca\\\/#breadcrumb\",\"itemListElement\":[{\"@type\":\"ListItem\",\"position\":1,\"name\":\"Inici\",\"item\":\"http:\\\/\\\/tecadejava.com\\\/es\\\/\"},{\"@type\":\"ListItem\",\"position\":2,\"name\":\"Teca\"}]},{\"@type\":\"WebSite\",\"@id\":\"http:\\\/\\\/tecadejava.com\\\/#website\",\"url\":\"http:\\\/\\\/tecadejava.com\\\/\",\"name\":\"Teca de Java\",\"description\":\"Teca de Java\",\"potentialAction\":[{\"@type\":\"SearchAction\",\"target\":{\"@type\":\"EntryPoint\",\"urlTemplate\":\"http:\\\/\\\/tecadejava.com\\\/?s={search_term_string}\"},\"query-input\":{\"@type\":\"PropertyValueSpecification\",\"valueRequired\":true,\"valueName\":\"search_term_string\"}}],\"inLanguage\":\"es\"}]}<\/script>\n<!-- \/ Yoast SEO plugin. -->","yoast_head_json":{"title":"Teca - Teca de Java","robots":{"index":"index","follow":"follow","max-snippet":"max-snippet:-1","max-image-preview":"max-image-preview:large","max-video-preview":"max-video-preview:-1"},"canonical":"http:\/\/tecadejava.com\/es\/teca\/","og_locale":"es_ES","og_type":"article","og_title":"Teca - Teca de Java","og_url":"http:\/\/tecadejava.com\/es\/teca\/","og_site_name":"Teca de Java","twitter_card":"summary_large_image","twitter_misc":{"Tiempo de lectura":"3 minutos"},"schema":{"@context":"https:\/\/schema.org","@graph":[{"@type":"WebPage","@id":"http:\/\/tecadejava.com\/es\/teca\/","url":"http:\/\/tecadejava.com\/es\/teca\/","name":"Teca - Teca de Java","isPartOf":{"@id":"http:\/\/tecadejava.com\/#website"},"datePublished":"2019-08-19T12:34:44+00:00","breadcrumb":{"@id":"http:\/\/tecadejava.com\/es\/teca\/#breadcrumb"},"inLanguage":"es","potentialAction":[{"@type":"ReadAction","target":["http:\/\/tecadejava.com\/es\/teca\/"]}]},{"@type":"BreadcrumbList","@id":"http:\/\/tecadejava.com\/es\/teca\/#breadcrumb","itemListElement":[{"@type":"ListItem","position":1,"name":"Inici","item":"http:\/\/tecadejava.com\/es\/"},{"@type":"ListItem","position":2,"name":"Teca"}]},{"@type":"WebSite","@id":"http:\/\/tecadejava.com\/#website","url":"http:\/\/tecadejava.com\/","name":"Teca de Java","description":"Teca de Java","potentialAction":[{"@type":"SearchAction","target":{"@type":"EntryPoint","urlTemplate":"http:\/\/tecadejava.com\/?s={search_term_string}"},"query-input":{"@type":"PropertyValueSpecification","valueRequired":true,"valueName":"search_term_string"}}],"inLanguage":"es"}]}},"_links":{"self":[{"href":"http:\/\/tecadejava.com\/es\/wp-json\/wp\/v2\/pages\/576","targetHints":{"allow":["GET"]}}],"collection":[{"href":"http:\/\/tecadejava.com\/es\/wp-json\/wp\/v2\/pages"}],"about":[{"href":"http:\/\/tecadejava.com\/es\/wp-json\/wp\/v2\/types\/page"}],"author":[{"embeddable":true,"href":"http:\/\/tecadejava.com\/es\/wp-json\/wp\/v2\/users\/3"}],"replies":[{"embeddable":true,"href":"http:\/\/tecadejava.com\/es\/wp-json\/wp\/v2\/comments?post=576"}],"version-history":[{"count":3,"href":"http:\/\/tecadejava.com\/es\/wp-json\/wp\/v2\/pages\/576\/revisions"}],"predecessor-version":[{"id":639,"href":"http:\/\/tecadejava.com\/es\/wp-json\/wp\/v2\/pages\/576\/revisions\/639"}],"wp:attachment":[{"href":"http:\/\/tecadejava.com\/es\/wp-json\/wp\/v2\/media?parent=576"}],"curies":[{"name":"wp","href":"https:\/\/api.w.org\/{rel}","templated":true}]}}